{"id":6306,"date":"2024-02-09T11:47:56","date_gmt":"2024-02-09T11:47:56","guid":{"rendered":"https:\/\/medipolis.be\/politique-en-matiere-de-cookies\/"},"modified":"2024-04-25T14:13:46","modified_gmt":"2024-04-25T14:13:46","slug":"politique-en-matiere-de-cookies","status":"publish","type":"page","link":"https:\/\/medipolis.be\/fr\/politique-en-matiere-de-cookies\/","title":{"rendered":"Politique en mati\u00e8re de cookies"},"content":{"rendered":"\t\t<div data-elementor-type=\"wp-page\" data-elementor-id=\"6306\" class=\"elementor elementor-6306 elementor-5188\" data-elementor-post-type=\"page\">\n\t\t\t\t<div class=\"elementor-element elementor-element-1e333064 e-flex e-con-boxed e-con e-parent\" data-id=\"1e333064\" data-element_type=\"container\">\n\t\t\t\t\t<div class=\"e-con-inner\">\n\t\t\t\t<div class=\"elementor-element elementor-element-f6c59b9 geenVacature elementor-widget elementor-widget-text-editor\" data-id=\"f6c59b9\" data-element_type=\"widget\" data-widget_type=\"text-editor.default\">\n\t\t\t\t<div class=\"elementor-widget-container\">\n\t\t\t\t\t\t\t\t\t<h1 id=\"cookiebeleid\">Politique en mati\u00e8re de cookies<\/h1><p>Afin de mieux adapter nos sites web \u00e0 vos besoins et pr\u00e9f\u00e9rences, le centre ophtalmologique Medipolis utilise des cookies. Vous avez la possibilit\u00e9 de refuser les cookies. Dans ce cas, nous vous informons que certaines parties de nos sites web pourraient ne pas fonctionner correctement. Il se peut \u00e9galement que vous ne puissiez pas acc\u00e9der \u00e0 certains services que nous proposons sur notre site web.<br \/><strong>Si vous ne modifiez pas vos param\u00e8tres en mati\u00e8re de cookies et que vous choisissez de &#8220;continuer&#8221;, le centre ophtalmologique Medipolis suppose que vous acceptez nos cookies.<\/strong><\/p><p><strong>Ci-dessous, nous souhaitons vous donner plus d&#8217;informations sur les cookies \u00e0 l&#8217;aide d&#8217;une structure simple de questions et r\u00e9ponses.<\/strong><\/p><p><strong>Qu&#8217;est-ce qu&#8217;un cookie ?<\/strong><br \/>Un cookie est un fichier texte qui est d\u00e9pos\u00e9 dans le navigateur web de votre ordinateur ou de votre appareil mobile &#8211; comme votre Smartphone, iPhone, iPad et autres &#8211; par le serveur du site web que vous \u00eates en train de consulter.<br \/>Un cookie contient un code qui ne peut \u00eatre lu que par le serveur qui l&#8217;a plac\u00e9. Le serveur n&#8217;a donc pas acc\u00e8s aux autres informations qui se trouvent sur votre ordinateur ou appareil mobile.<\/p><p><strong>Comment est structur\u00e9 un fichier de cookies ?<\/strong><br \/>Un fichier de cookies se compose de<\/p><ul><li><span style=\"color: #253677\">le nom du serveur qui a plac\u00e9 le fichier cookie<\/span><\/li><li><span style=\"color: #253677\">une date d&#8217;expiration est indiqu\u00e9e<\/span><\/li><li><span style=\"color: #253677\">un code num\u00e9rique unique<\/span><\/li><\/ul><p><strong style=\"text-align: var(--text-align)\"><br \/>Quel est l&#8217;int\u00e9r\u00eat d&#8217;un cookie ?<\/strong><\/p><p>Gr\u00e2ce aux cookies, nous veillons \u00e0 ce que votre exp\u00e9rience de navigation sur l&#8217;un de nos sites web soit aussi optimale que possible. Cela permet notamment de naviguer plus rapidement et plus facilement entre les diff\u00e9rentes parties du site web ou d&#8217;adapter le contenu de notre site \u00e0 vos pr\u00e9f\u00e9rences personnelles, par exemple en mati\u00e8re de langue.<\/p><p><strong>O\u00f9 puis-je trouver ces cookies ?<\/strong><br \/>Cookies worden in een afzonderlijke folder van uw browser op uw computer of uw mobiel toestel geplaatst.<\/p><p><strong>Qu&#8217;est-ce qu&#8217;un &#8220;cookie de session&#8221; ?<\/strong><br \/>La fonction de ce cookie est de reconna\u00eetre votre navigateur lors de votre visite sur nos sites web.<\/p><p><strong>Qu&#8217;est-ce qu&#8217;un &#8220;cookie permanent&#8221; ?<\/strong><br \/>La fonction de ce cookie est de reconna\u00eetre votre navigateur en vue de visites r\u00e9p\u00e9t\u00e9es sur nos sites web.<\/p><p><strong>Quels sont les cookies n\u00e9cessaires ?<\/strong><br \/>Vous aurez l&#8217;impression que certaines parties de nos sites web ne fonctionnent pas ou pas correctement si vous d\u00e9sactivez les cookies n\u00e9cessaires. L&#8217;Oogcentrum Medipolis utilise de tels cookies, par exemple, pour remplir des formulaires de contact ou pour participer \u00e0 des discussions sur nos blogs.<br \/>Oogcentrum Medipolis utilise des cookies &#8220;n\u00e9cessaires&#8221; lorsque vous souhaitez vous connecter \u00e0 votre compte personnel. Ces cookies nous permettent de v\u00e9rifier votre identit\u00e9 en toute s\u00e9curit\u00e9 afin de vous donner acc\u00e8s aux informations personnelles que vous avez laiss\u00e9es.<\/p><p><strong>Que sont les &#8220;cookies fonctionnels&#8221; ?<\/strong><br \/>Comme le mot l&#8217;indique, ces cookies assurent le fonctionnement optimal de nos sites web afin que votre visite soit la plus agr\u00e9able et la plus personnalis\u00e9e possible. Oogcentrum Medipolis utilise des &#8220;cookies fonctionnels&#8221; pour &#8220;m\u00e9moriser&#8221; vos pr\u00e9f\u00e9rences personnelles et pour \u00e9viter la m\u00eame communication lors de visites r\u00e9p\u00e9t\u00e9es, par exemple lorsque vous participez \u00e0 une promotion.<\/p><p><strong>Que sont les &#8220;cookies de performance&#8221; ?<\/strong><br \/>Oogcentrum Medipolis utilise des &#8220;Performance cookies&#8221; pour suivre la fa\u00e7on dont vous utilisez nos sites web en vue d&#8217;adapter et d&#8217;am\u00e9liorer le contenu et la facilit\u00e9 d&#8217;utilisation de nos sites web. Par exemple, le nombre de visiteurs par page est suivi ou la langue la plus courante dans laquelle le site web est visit\u00e9.<\/p><p><strong>Qu&#8217;est-ce qu&#8217;un &#8220;cookie tiers&#8221; ?<\/strong><br \/>Il s&#8217;agit de cookies qui sont enregistr\u00e9s dans les publicit\u00e9s publi\u00e9es par des tiers sur les sites web du centre ophtalmologique Medipolis. L&#8217;objectif de ces cookies est d&#8217;adapter les publicit\u00e9s et\/ou le contenu des publicit\u00e9s \u00e0 vos pr\u00e9f\u00e9rences personnelles. Vous ne verrez ces cookies que si vous ne les avez pas d\u00e9sactiv\u00e9s.<br \/>Lors de l&#8217;utilisation de cookies de tiers, ni l&#8217;oogcentrum Medipolis ni les annonceurs (tiers) ne disposent de vos donn\u00e9es personnelles.<\/p><p><strong>Qu&#8217;est-ce que le &#8220;contenu int\u00e9gr\u00e9&#8221; ?<\/strong><br \/>Oogcentrum Medipolis peut, sur ses sites web, renvoyer \u00e0 d&#8217;autres sites par le biais d&#8217;un lien cliquable. Ce lien vous permet d&#8217;acc\u00e9der au site web d&#8217;une autre organisation. Il est possible que le site web r\u00e9f\u00e9renc\u00e9 utilise \u00e9galement des cookies. Dans ce cas, le Centre ophtalmologique Medipolis vous conseille de consulter les conditions d&#8217;utilisation de l&#8217;organisation en question, reprises sur leur propre site web, pour vous informer de leur politique en mati\u00e8re de vie priv\u00e9e et de cookies.<\/p><p><strong>Comment g\u00e9rer les cookies ?<\/strong><br \/>C&#8217;est \u00e0 vous de g\u00e9rer les cookies. Vous pouvez adapter les param\u00e8tres de votre navigateur \u00e0 vos pr\u00e9f\u00e9rences personnelles. Vous pouvez toujours supprimer les cookies d\u00e9j\u00e0 install\u00e9s et refuser les nouveaux cookies en ajustant les param\u00e8tres de votre navigateur.<\/p><p>Le site web ci-dessous \u00e9num\u00e8re les navigateurs les plus couramment utilis\u00e9s afin de vous aider \u00e0 d\u00e9finir vos pr\u00e9f\u00e9rences en mati\u00e8re de navigation :\u00a0<a href=\"http:\/\/www.aboutcookies.org\/%E2%80%A8%E2%80%A8\" target=\"_blank\" rel=\"noopener noreferrer\">http:\/\/www.aboutcookies.org\/<\/a><\/p>\t\t\t\t\t\t\t\t<\/div>\n\t\t\t\t<\/div>\n\t\t\t\t\t<\/div>\n\t\t\t\t<\/div>\n\t\t\t\t<\/div>\n\t\t","protected":false},"excerpt":{"rendered":"<p>Politique en mati\u00e8re de cookies Afin de mieux adapter nos sites web \u00e0 vos besoins et pr\u00e9f\u00e9rences, le centre ophtalmologique Medipolis utilise des cookies. Vous avez la possibilit\u00e9 de refuser les cookies. Dans ce cas, nous vous informons que certaines parties de nos sites web pourraient ne pas fonctionner correctement. Il se peut \u00e9galement que [&hellip;]<\/p>\n","protected":false},"author":1,"featured_media":0,"parent":0,"menu_order":0,"comment_status":"closed","ping_status":"open","template":"","meta":{"_acf_changed":false,"footnotes":""},"class_list":["post-6306","page","type-page","status-publish","hentry"],"acf":[],"yoast_head":"<!-- This site is optimized with the Yoast SEO plugin v27.4 - https:\/\/yoast.com\/product\/yoast-seo-wordpress\/ -->\n<title>Politique en mati\u00e8re de cookies - Oogcentrum Medipolis Wilrijk<\/title>\n<meta name=\"robots\" content=\"index, follow, max-snippet:-1, max-image-preview:large, max-video-preview:-1\" \/>\n<link rel=\"canonical\" href=\"https:\/\/medipolis.be\/fr\/politique-en-matiere-de-cookies\/\" \/>\n<meta property=\"og:locale\" content=\"fr_FR\" \/>\n<meta property=\"og:type\" content=\"article\" \/>\n<meta property=\"og:title\" content=\"Politique en mati\u00e8re de cookies - Oogcentrum Medipolis Wilrijk\" \/>\n<meta property=\"og:description\" content=\"Politique en mati\u00e8re de cookies Afin de mieux adapter nos sites web \u00e0 vos besoins et pr\u00e9f\u00e9rences, le centre ophtalmologique Medipolis utilise des cookies. Vous avez la possibilit\u00e9 de refuser les cookies. Dans ce cas, nous vous informons que certaines parties de nos sites web pourraient ne pas fonctionner correctement. Il se peut \u00e9galement que [&hellip;]\" \/>\n<meta property=\"og:url\" content=\"https:\/\/medipolis.be\/fr\/politique-en-matiere-de-cookies\/\" \/>\n<meta property=\"og:site_name\" content=\"Oogcentrum Medipolis Wilrijk\" \/>\n<meta property=\"article:modified_time\" content=\"2024-04-25T14:13:46+00:00\" \/>\n<meta name=\"twitter:card\" content=\"summary_large_image\" \/>\n<meta name=\"twitter:label1\" content=\"Dur\u00e9e de lecture estim\u00e9e\" \/>\n\t<meta name=\"twitter:data1\" content=\"5 minutes\" \/>\n<script type=\"application\/ld+json\" class=\"yoast-schema-graph\">{\"@context\":\"https:\\\/\\\/schema.org\",\"@graph\":[{\"@type\":\"WebPage\",\"@id\":\"https:\\\/\\\/medipolis.be\\\/fr\\\/politique-en-matiere-de-cookies\\\/\",\"url\":\"https:\\\/\\\/medipolis.be\\\/fr\\\/politique-en-matiere-de-cookies\\\/\",\"name\":\"Politique en mati\u00e8re de cookies - Oogcentrum Medipolis Wilrijk\",\"isPartOf\":{\"@id\":\"https:\\\/\\\/medipolis.be\\\/#website\"},\"datePublished\":\"2024-02-09T11:47:56+00:00\",\"dateModified\":\"2024-04-25T14:13:46+00:00\",\"inLanguage\":\"fr-FR\",\"potentialAction\":[{\"@type\":\"ReadAction\",\"target\":[\"https:\\\/\\\/medipolis.be\\\/fr\\\/politique-en-matiere-de-cookies\\\/\"]}]},{\"@type\":\"WebSite\",\"@id\":\"https:\\\/\\\/medipolis.be\\\/#website\",\"url\":\"https:\\\/\\\/medipolis.be\\\/\",\"name\":\"Oogcentrum Medipolis Wilrijk\",\"description\":\"\",\"potentialAction\":[{\"@type\":\"SearchAction\",\"target\":{\"@type\":\"EntryPoint\",\"urlTemplate\":\"https:\\\/\\\/medipolis.be\\\/?s={search_term_string}\"},\"query-input\":{\"@type\":\"PropertyValueSpecification\",\"valueRequired\":true,\"valueName\":\"search_term_string\"}}],\"inLanguage\":\"fr-FR\"}]}<\/script>\n<!-- \/ Yoast SEO plugin. -->","yoast_head_json":{"title":"Politique en mati\u00e8re de cookies - Oogcentrum Medipolis Wilrijk","robots":{"index":"index","follow":"follow","max-snippet":"max-snippet:-1","max-image-preview":"max-image-preview:large","max-video-preview":"max-video-preview:-1"},"canonical":"https:\/\/medipolis.be\/fr\/politique-en-matiere-de-cookies\/","og_locale":"fr_FR","og_type":"article","og_title":"Politique en mati\u00e8re de cookies - Oogcentrum Medipolis Wilrijk","og_description":"Politique en mati\u00e8re de cookies Afin de mieux adapter nos sites web \u00e0 vos besoins et pr\u00e9f\u00e9rences, le centre ophtalmologique Medipolis utilise des cookies. Vous avez la possibilit\u00e9 de refuser les cookies. Dans ce cas, nous vous informons que certaines parties de nos sites web pourraient ne pas fonctionner correctement. Il se peut \u00e9galement que [&hellip;]","og_url":"https:\/\/medipolis.be\/fr\/politique-en-matiere-de-cookies\/","og_site_name":"Oogcentrum Medipolis Wilrijk","article_modified_time":"2024-04-25T14:13:46+00:00","twitter_card":"summary_large_image","twitter_misc":{"Dur\u00e9e de lecture estim\u00e9e":"5 minutes"},"schema":{"@context":"https:\/\/schema.org","@graph":[{"@type":"WebPage","@id":"https:\/\/medipolis.be\/fr\/politique-en-matiere-de-cookies\/","url":"https:\/\/medipolis.be\/fr\/politique-en-matiere-de-cookies\/","name":"Politique en mati\u00e8re de cookies - Oogcentrum Medipolis Wilrijk","isPartOf":{"@id":"https:\/\/medipolis.be\/#website"},"datePublished":"2024-02-09T11:47:56+00:00","dateModified":"2024-04-25T14:13:46+00:00","inLanguage":"fr-FR","potentialAction":[{"@type":"ReadAction","target":["https:\/\/medipolis.be\/fr\/politique-en-matiere-de-cookies\/"]}]},{"@type":"WebSite","@id":"https:\/\/medipolis.be\/#website","url":"https:\/\/medipolis.be\/","name":"Oogcentrum Medipolis Wilrijk","description":"","potentialAction":[{"@type":"SearchAction","target":{"@type":"EntryPoint","urlTemplate":"https:\/\/medipolis.be\/?s={search_term_string}"},"query-input":{"@type":"PropertyValueSpecification","valueRequired":true,"valueName":"search_term_string"}}],"inLanguage":"fr-FR"}]}},"_links":{"self":[{"href":"https:\/\/medipolis.be\/fr\/wp-json\/wp\/v2\/pages\/6306","targetHints":{"allow":["GET"]}}],"collection":[{"href":"https:\/\/medipolis.be\/fr\/wp-json\/wp\/v2\/pages"}],"about":[{"href":"https:\/\/medipolis.be\/fr\/wp-json\/wp\/v2\/types\/page"}],"author":[{"embeddable":true,"href":"https:\/\/medipolis.be\/fr\/wp-json\/wp\/v2\/users\/1"}],"replies":[{"embeddable":true,"href":"https:\/\/medipolis.be\/fr\/wp-json\/wp\/v2\/comments?post=6306"}],"version-history":[{"count":4,"href":"https:\/\/medipolis.be\/fr\/wp-json\/wp\/v2\/pages\/6306\/revisions"}],"predecessor-version":[{"id":7987,"href":"https:\/\/medipolis.be\/fr\/wp-json\/wp\/v2\/pages\/6306\/revisions\/7987"}],"wp:attachment":[{"href":"https:\/\/medipolis.be\/fr\/wp-json\/wp\/v2\/media?parent=6306"}],"curies":[{"name":"wp","href":"https:\/\/api.w.org\/{rel}","templated":true}]}}